{"id":420,"date":"2022-01-05T14:50:21","date_gmt":"2022-01-05T13:50:21","guid":{"rendered":"http:\/\/7godina5drzava.riarhiv.hr\/?page_id=420"},"modified":"2022-02-24T12:53:09","modified_gmt":"2022-02-24T11:53:09","slug":"impresum","status":"publish","type":"page","link":"https:\/\/7godina5drzava.riarhiv.hr\/izlozba\/impresum\/","title":{"rendered":"Impresum"},"content":{"rendered":"\t\t<div data-elementor-type=\"wp-page\" data-elementor-id=\"420\" class=\"elementor elementor-420\" data-elementor-settings=\"[]\">\n\t\t\t\t\t\t<div class=\"elementor-inner\">\n\t\t\t\t\t\t\t<div class=\"elementor-section-wrap\">\n\t\t\t\t\t\t\t<section class=\"elementor-section elementor-top-section elementor-element elementor-element-a20ec23 elementor-section-full_width elementor-section-height-min-height elementor-section-height-default elementor-section-items-middle\" data-id=\"a20ec23\" data-element_type=\"section\" data-settings=\"{&quot;background_background&quot;:&quot;classic&quot;}\">\n\t\t\t\t\t\t\t<div class=\"elementor-background-overlay\"><\/div>\n\t\t\t\t\t\t\t<div class=\"elementor-container elementor-column-gap-default\">\n\t\t\t\t\t\t\t<div class=\"elementor-row\">\n\t\t\t\t\t<div class=\"elementor-column elementor-col-100 elementor-top-column elementor-element elementor-element-7d25609\" data-id=\"7d25609\" data-element_type=\"column\">\n\t\t\t<div class=\"elementor-column-wrap elementor-element-populated\">\n\t\t\t\t\t\t\t<div class=\"elementor-widget-wrap\">\n\t\t\t\t\t\t<div class=\"elementor-element elementor-element-1ab9b7d elementor-widget elementor-widget-heading\" data-id=\"1ab9b7d\" data-element_type=\"widget\" data-widget_type=\"heading.default\">\n\t\t\t\t<div class=\"elementor-widget-container\">\n\t\t\t<h2 class=\"elementor-heading-title elementor-size-xl\">Impresum<\/h2>\t\t<\/div>\n\t\t\t\t<\/div>\n\t\t\t\t\t\t<\/div>\n\t\t\t\t\t<\/div>\n\t\t<\/div>\n\t\t\t\t\t\t\t\t<\/div>\n\t\t\t\t\t<\/div>\n\t\t<\/section>\n\t\t\t\t<section class=\"elementor-section elementor-top-section elementor-element elementor-element-1598502 elementor-section-boxed elementor-section-height-default elementor-section-height-default\" data-id=\"1598502\" data-element_type=\"section\">\n\t\t\t\t\t\t<div class=\"elementor-container elementor-column-gap-default\">\n\t\t\t\t\t\t\t<div class=\"elementor-row\">\n\t\t\t\t\t<div class=\"elementor-column elementor-col-100 elementor-top-column elementor-element elementor-element-8d80888\" data-id=\"8d80888\" data-element_type=\"column\">\n\t\t\t<div class=\"elementor-column-wrap elementor-element-populated\">\n\t\t\t\t\t\t\t<div class=\"elementor-widget-wrap\">\n\t\t\t\t\t\t<div class=\"elementor-element elementor-element-240c5b7 elementor-widget elementor-widget-heading\" data-id=\"240c5b7\" data-element_type=\"widget\" data-widget_type=\"heading.default\">\n\t\t\t\t<div class=\"elementor-widget-container\">\n\t\t\t<h4 class=\"elementor-heading-title elementor-size-default\">DR\u017dAVNI ARHIV U RIJECI<\/h4>\t\t<\/div>\n\t\t\t\t<\/div>\n\t\t\t\t<div class=\"elementor-element elementor-element-3cb170e elementor-widget elementor-widget-heading\" data-id=\"3cb170e\" data-element_type=\"widget\" data-widget_type=\"heading.default\">\n\t\t\t\t<div class=\"elementor-widget-container\">\n\t\t\t<h4 class=\"elementor-heading-title elementor-size-default\">Boris Zako\u0161ek<\/h4>\t\t<\/div>\n\t\t\t\t<\/div>\n\t\t\t\t<div class=\"elementor-element elementor-element-e799fc7 elementor-widget elementor-widget-heading\" data-id=\"e799fc7\" data-element_type=\"widget\" data-widget_type=\"heading.default\">\n\t\t\t\t<div class=\"elementor-widget-container\">\n\t\t\t<h2 class=\"elementor-heading-title elementor-size-default\">7 godina - 5 dr\u017eava<\/h2>\t\t<\/div>\n\t\t\t\t<\/div>\n\t\t\t\t<div class=\"elementor-element elementor-element-33b863d elementor-widget elementor-widget-text-editor\" data-id=\"33b863d\" data-element_type=\"widget\" data-widget_type=\"text-editor.default\">\n\t\t\t\t<div class=\"elementor-widget-container\">\n\t\t\t\t\t\t\t\t<div class=\"elementor-text-editor elementor-clearfix\">\n\t\t\t\t<p><span style=\"font-size: 15px; color: var( --e-global-color-text ); font-family: var( --e-global-typography-text-font-family ), Sans-serif;\"><strong>Organizator izlo\u017ebe i nakladnik<\/strong><br \/><\/span>Dr\u017eavni arhiv u Rijeci<\/p><p><strong>Za organizatora i nakladnika<\/strong><br \/>Markus Leideck<\/p><p><strong>Autor izlo\u017ebe i kataloga<\/strong><br \/>Boris Zako\u0161ek<\/p><p><strong>Lektura i korektura<\/strong><br \/>Mladen Urem<\/p><p><strong>Digitalizacija i tehni\u010dka obrada<\/strong><br \/>Flavia Bubri\u0107<br \/>Julije Crnkovi\u0107<br \/>Ante Ljubi\u010di\u0107<\/p><p><strong>Dizajn izlo\u017ebe i kataloga<\/strong><br \/>\u017deljko Maleti\u0107<\/p><p style=\"font-size: 15px; font-style: normal; font-weight: 400;\"><span style=\"font-size: 15px; color: var( --e-global-color-text ); font-family: var( --e-global-typography-text-font-family ), Sans-serif;\"><strong>Pokrovitelji<\/strong><br \/><\/span>Ministarstvo kulture i medija<br \/>Primorsko-goranska \u017eupanija<\/p>\t\t\t\t\t<\/div>\n\t\t\t\t\t\t<\/div>\n\t\t\t\t<\/div>\n\t\t\t\t<div class=\"elementor-element elementor-element-6c8cbf4 elementor-widget-divider--view-line elementor-widget elementor-widget-divider\" data-id=\"6c8cbf4\" data-element_type=\"widget\" data-widget_type=\"divider.default\">\n\t\t\t\t<div class=\"elementor-widget-container\">\n\t\t\t\t\t<div class=\"elementor-divider\">\n\t\t\t<span class=\"elementor-divider-separator\">\n\t\t\t\t\t\t<\/span>\n\t\t<\/div>\n\t\t\t\t<\/div>\n\t\t\t\t<\/div>\n\t\t\t\t<div class=\"elementor-element elementor-element-c504dec elementor-widget elementor-widget-text-editor\" data-id=\"c504dec\" data-element_type=\"widget\" data-widget_type=\"text-editor.default\">\n\t\t\t\t<div class=\"elementor-widget-container\">\n\t\t\t\t\t\t\t\t<div class=\"elementor-text-editor elementor-clearfix\">\n\t\t\t\t<p><em>* Fotografija na naslovnici: Grupa mu\u0161karaca ispred sada\u0161nje Kre\u0161imirove 2 (Kino Croatia), HR-DARI-1357-14-3<\/em><\/p>\t\t\t\t\t<\/div>\n\t\t\t\t\t\t<\/div>\n\t\t\t\t<\/div>\n\t\t\t\t\t\t<\/div>\n\t\t\t\t\t<\/div>\n\t\t<\/div>\n\t\t\t\t\t\t\t\t<\/div>\n\t\t\t\t\t<\/div>\n\t\t<\/section>\n\t\t\t\t\t\t<\/div>\n\t\t\t\t\t\t<\/div>\n\t\t\t\t\t<\/div>\n\t\t","protected":false},"excerpt":{"rendered":"<p>Impresum DR\u017dAVNI ARHIV U RIJECI Boris Zako\u0161ek 7 godina &#8211; 5 dr\u017eava Organizator izlo\u017ebe i nakladnikDr\u017eavni arhiv u Rijeci Za organizatora i nakladnikaMarkus Leideck Autor izlo\u017ebe i katalogaBoris Zako\u0161ek Lektura i korekturaMladen Urem Digitalizacija i tehni\u010dka obradaFlavia Bubri\u0107Julije Crnkovi\u0107Ante Ljubi\u010di\u0107 Dizajn izlo\u017ebe i kataloga\u017deljko Maleti\u0107 PokroviteljiMinistarstvo kulture i medijaPrimorsko-goranska \u017eupanija * Fotografija na naslovnici: Grupa &hellip;<\/p>\n<p class=\"read-more\"> <a class=\"\" href=\"https:\/\/7godina5drzava.riarhiv.hr\/izlozba\/impresum\/\"> <span class=\"screen-reader-text\">Impresum<\/span> Read More &raquo;<\/a><\/p>\n","protected":false},"author":1,"featured_media":0,"parent":0,"menu_order":0,"comment_status":"closed","ping_status":"closed","template":"","meta":{"_monsterinsights_skip_tracking":false,"_monsterinsights_sitenote_active":false,"_monsterinsights_sitenote_note":"","_monsterinsights_sitenote_category":0,"site-sidebar-layout":"no-sidebar","site-content-layout":"page-builder","ast-main-header-display":"","ast-hfb-above-header-display":"","ast-hfb-below-header-display":"","ast-hfb-mobile-header-display":"","site-post-title":"disabled","ast-breadcrumbs-content":"","ast-featured-img":"disabled","footer-sml-layout":"","theme-transparent-header-meta":"","adv-header-id-meta":"","stick-header-meta":"","header-above-stick-meta":"","header-main-stick-meta":"","header-below-stick-meta":"","footnotes":""},"class_list":["post-420","page","type-page","status-publish","hentry"],"_links":{"self":[{"href":"https:\/\/7godina5drzava.riarhiv.hr\/izlozba\/wp-json\/wp\/v2\/pages\/420","targetHints":{"allow":["GET"]}}],"collection":[{"href":"https:\/\/7godina5drzava.riarhiv.hr\/izlozba\/wp-json\/wp\/v2\/pages"}],"about":[{"href":"https:\/\/7godina5drzava.riarhiv.hr\/izlozba\/wp-json\/wp\/v2\/types\/page"}],"author":[{"embeddable":true,"href":"https:\/\/7godina5drzava.riarhiv.hr\/izlozba\/wp-json\/wp\/v2\/users\/1"}],"replies":[{"embeddable":true,"href":"https:\/\/7godina5drzava.riarhiv.hr\/izlozba\/wp-json\/wp\/v2\/comments?post=420"}],"version-history":[{"count":12,"href":"https:\/\/7godina5drzava.riarhiv.hr\/izlozba\/wp-json\/wp\/v2\/pages\/420\/revisions"}],"predecessor-version":[{"id":756,"href":"https:\/\/7godina5drzava.riarhiv.hr\/izlozba\/wp-json\/wp\/v2\/pages\/420\/revisions\/756"}],"wp:attachment":[{"href":"https:\/\/7godina5drzava.riarhiv.hr\/izlozba\/wp-json\/wp\/v2\/media?parent=420"}],"curies":[{"name":"wp","href":"https:\/\/api.w.org\/{rel}","templated":true}]}}