{"id":446,"date":"2022-02-08T12:48:53","date_gmt":"2022-02-08T11:48:53","guid":{"rendered":"http:\/\/7godina5drzava.riarhiv.hr\/?page_id=446"},"modified":"2022-02-22T13:47:35","modified_gmt":"2022-02-22T12:47:35","slug":"izvori","status":"publish","type":"page","link":"https:\/\/7godina5drzava.riarhiv.hr\/izlozba\/izvori\/","title":{"rendered":"Izvori"},"content":{"rendered":"\t\t<div data-elementor-type=\"wp-page\" data-elementor-id=\"446\" class=\"elementor elementor-446\" data-elementor-settings=\"[]\">\n\t\t\t\t\t\t<div class=\"elementor-inner\">\n\t\t\t\t\t\t\t<div class=\"elementor-section-wrap\">\n\t\t\t\t\t\t\t<section class=\"elementor-section elementor-top-section elementor-element elementor-element-a20ec23 elementor-section-full_width elementor-section-height-min-height elementor-section-height-default elementor-section-items-middle\" data-id=\"a20ec23\" data-element_type=\"section\" data-settings=\"{&quot;background_background&quot;:&quot;classic&quot;}\">\n\t\t\t\t\t\t\t<div class=\"elementor-background-overlay\"><\/div>\n\t\t\t\t\t\t\t<div class=\"elementor-container elementor-column-gap-default\">\n\t\t\t\t\t\t\t<div class=\"elementor-row\">\n\t\t\t\t\t<div class=\"elementor-column elementor-col-100 elementor-top-column elementor-element elementor-element-7d25609\" data-id=\"7d25609\" data-element_type=\"column\">\n\t\t\t<div class=\"elementor-column-wrap elementor-element-populated\">\n\t\t\t\t\t\t\t<div class=\"elementor-widget-wrap\">\n\t\t\t\t\t\t<div class=\"elementor-element elementor-element-1ab9b7d elementor-widget elementor-widget-heading\" data-id=\"1ab9b7d\" data-element_type=\"widget\" data-widget_type=\"heading.default\">\n\t\t\t\t<div class=\"elementor-widget-container\">\n\t\t\t<h2 class=\"elementor-heading-title elementor-size-xl\">Izvori<\/h2>\t\t<\/div>\n\t\t\t\t<\/div>\n\t\t\t\t\t\t<\/div>\n\t\t\t\t\t<\/div>\n\t\t<\/div>\n\t\t\t\t\t\t\t\t<\/div>\n\t\t\t\t\t<\/div>\n\t\t<\/section>\n\t\t\t\t<section class=\"elementor-section elementor-top-section elementor-element elementor-element-1598502 elementor-section-boxed elementor-section-height-default elementor-section-height-default\" data-id=\"1598502\" data-element_type=\"section\">\n\t\t\t\t\t\t<div class=\"elementor-container elementor-column-gap-default\">\n\t\t\t\t\t\t\t<div class=\"elementor-row\">\n\t\t\t\t\t<div class=\"elementor-column elementor-col-100 elementor-top-column elementor-element elementor-element-8d80888\" data-id=\"8d80888\" data-element_type=\"column\">\n\t\t\t<div class=\"elementor-column-wrap elementor-element-populated\">\n\t\t\t\t\t\t\t<div class=\"elementor-widget-wrap\">\n\t\t\t\t\t\t<div class=\"elementor-element elementor-element-e799fc7 elementor-widget elementor-widget-heading\" data-id=\"e799fc7\" data-element_type=\"widget\" data-widget_type=\"heading.default\">\n\t\t\t\t<div class=\"elementor-widget-container\">\n\t\t\t<h2 class=\"elementor-heading-title elementor-size-default\">Popis kori\u0161tenih arhivskih fondova i zbirki<\/h2>\t\t<\/div>\n\t\t\t\t<\/div>\n\t\t\t\t<div class=\"elementor-element elementor-element-33b863d elementor-widget elementor-widget-text-editor\" data-id=\"33b863d\" data-element_type=\"widget\" data-widget_type=\"text-editor.default\">\n\t\t\t\t<div class=\"elementor-widget-container\">\n\t\t\t\t\t\t\t\t<div class=\"elementor-text-editor elementor-clearfix\">\n\t\t\t\t<h3><strong style=\"color: var(--ast-global-color-2); font-size: 1.2rem; font-family: var( --e-global-typography-text-font-family ), Sans-serif;\">Dr\u017eavni arhiv u Rijeci:<\/strong><\/h3><p>HR-DARI-0007, Kraljevski gubernij za Rijeku i Ugarsko-hrvatsko primorje<\/p><p>HR-DARI-0008, Rije\u010dka prefektura<\/p><p>HR-DARI-0089, Narodni odbor gradske op\u0107ine Opatija<\/p><p>HR-DARI-0132, Ma\u0111arska vi\u0161a gimnazija u Rijeci<\/p><p>HR-DARI-0179, Trgova\u010dko-obrtni\u010dka komora i trgova\u010dka deputacija u Rijeci<\/p><p>HR-DARI-0182, Rafinerija nafte Rijeka<\/p><p>HR-DARI-0277, Kartografska zbirka<\/p><p>HR-DARI-0278, Okru\u017enice, oglasi, plakati i letci<\/p><p>HR-DARI-0279, Zbirka razglednica<\/p><p>HR-DARI-0386, Vatroslav Cihlar \u00a0<\/p><p>HR-DARI-0391, Rikard Lenac<\/p><p>HR-DARI-0508,\u00a0 Zbirka dopunskih preslika iz ostalih ustanova i privatnih arhiva<\/p><p>HR-DARI-0536, Anagrafska zbirka<\/p><p>HR-DARI-0541, Op\u0107ina Rijeka<\/p><p>HR-DARI-0684, Kreditni zavod Talijanskog narodnog vije\u0107a<\/p><p>HR-DARI-0734,\u00a0 &#8220;Torpedo&#8221;. Tvornica motora Rijeka<\/p><p>HR-DARI-0805, Zbirka fragmenata. Ostalo<\/p><p>HR-DARI-0842, Ivo Marendi\u0107<\/p><p>HR-DARI-1108, Rije\u010dka kvestura 1918. &#8211; 1924.<\/p><p>HR-DARI-1169, Zbirka fotografija Brodogradili\u0161ta, brodovi, luke<\/p><p>HR-DARI-1171, Zbirka fotografija Istra, Kvarnerski otoci i Primorje s Rijekom<\/p><p>HR-DARI-1173, Album fotografija &#8220;Visione alata della Guerra d&#8217;Italia&#8221;<\/p><p>HR-DARI-1333, Veliki \u017eupan za grad Rijeku i okolicu<\/p><p>HR-DARI-1357, Zbirka razglednica Zvonimira Pliskovca<\/p><p>\u00a0<\/p><h5><strong>Hrvatski dr\u017eavni arhiv u Zagrebu:<\/strong><\/h5><p>HR-HDA-0124, Narodno vije\u0107e SHS<\/p><p>HR-HDA-0079, Zemaljska vlada. Odjel za unutarnje poslove<\/p><p>HR-HDA-2048, Zbirka iseljeni\u0161tvo<\/p><p>\u00a0<\/p><h5><strong>Privatni arhivi:<\/strong><\/h5><p>Arhiv Sylvie Remillard, Kanada<\/p>\t\t\t\t\t<\/div>\n\t\t\t\t\t\t<\/div>\n\t\t\t\t<\/div>\n\t\t\t\t<div class=\"elementor-element elementor-element-93e9641 elementor-widget elementor-widget-heading\" data-id=\"93e9641\" data-element_type=\"widget\" data-widget_type=\"heading.default\">\n\t\t\t\t<div class=\"elementor-widget-container\">\n\t\t\t<h2 class=\"elementor-heading-title elementor-size-default\">Popis kori\u0161tene literature<\/h2>\t\t<\/div>\n\t\t\t\t<\/div>\n\t\t\t\t<div class=\"elementor-element elementor-element-574232f elementor-widget elementor-widget-text-editor\" data-id=\"574232f\" data-element_type=\"widget\" data-widget_type=\"text-editor.default\">\n\t\t\t\t<div class=\"elementor-widget-container\">\n\t\t\t\t\t\t\t\t<div class=\"elementor-text-editor elementor-clearfix\">\n\t\t\t\t<p>Milan <strong>MARJANOVI\u0106<\/strong>, Londonski ugovor iz godine 1915. Prilog povijesti borbe za Jadran 1914-1917, JAZU, Zagreb 1960<\/p><p>Marko <strong>MEDVED<\/strong>, Rije\u010dka crkva u razdoblju fa\u0161izma. Nastanak biskupije i prvi talijanski upravitelji, Kr\u0161\u0107anska sada\u0161njost, rije\u010dka nadbiskupija i Dr\u017eavni arhiv u Pazinu, Rijeka 2015<\/p><p>Daniel <strong>PATAFTA<\/strong>, Privremene vlade u Rijeci (listopad 1918. &#8211; sije\u010danj 1924.), \u010casopis za suvremenu povijest, Vol. 38, No. 1, Zagreb 2006.<\/p><p>Daniel <strong>PATAFTA<\/strong>, Promjene u nacionalnoj strukturi stanovni\u0161tva grada Rijeke od 1918. do 1924. godine, \u010casopis za suvremenu povijest, Vol. 36, No. 2, Zagreb 2004.<\/p><p>Sergio <strong>PELAGALLI<\/strong>, L&#8217;Esercito Italiano tra ottocento e novecento. Un secolo di missioni all&#8217;estero (1855 \u2013 1956). Italia storica 2018. Internetsko izdanje odabranih dijelova knjige<\/p><p>Ivan V. <strong>PEROVI\u0106<\/strong>, Crtice iz okupiranog Su\u0161aka, Su\u0161ak 1934.<\/p><p>Mihael <strong>SOBOLEVSKI<\/strong>, Egzodus Hrvata iz Rijeke u vrijeme D\u2019Annunzijeve vladavine (rujan 1919. &#8211; sije\u010danj 1921.), zbornik Rijeka, godina IV., svezak 1-2, 1998.-1999.<\/p><p>Ferdo <strong>\u0160I\u0160I\u0106<\/strong>, Jadransko pitanje na konferenciji mira u Parizu, Izvanredno izdanje Matice Hrvatske, Zagreb 1920.<\/p><p>Boris <strong>ZAKO\u0160EK<\/strong>, Prvi rije\u010dki egzodus. Popis izbjeglica iz Rijeke i Su\u0161aka 1919. &#8211; 1920.,\u00a0 u: Zbornik radova. Izbjeglice i \u0161tete za D\u2019Annunzijeva re\u017eima, DARI i HDA Rijeka-Zagreb 2022.<\/p><p>Boris <strong>ZAKO\u0160EK<\/strong> i Sandro <strong>POROPAT<\/strong>: Rijeka 1919. &#8211; fa\u0161izam prije fa\u0161izma. D\u2019Annunzio i danuncijada u gradivu Dr\u017eavnog arhiva u Rijeci. Izlo\u017eba povodom Me\u0111unarodnog dana arhiva 2019., Vjesnik DARI sv. LXI\/LXII, Rijeka 2020.<\/p><p>*** Hrvatski biografski leksikon, sv. 5, Leksikografski zavod Miroslav Krle\u017ea, Zagreb 2002.<\/p><p>*** La Vedetta d\u2019Italia, Rijeka 1919. i 1920.<\/p><p><sup>*** <\/sup>Wikipedia. The Free Encyclopedia (internetsko izdanje na engleskom)<\/p>\t\t\t\t\t<\/div>\n\t\t\t\t\t\t<\/div>\n\t\t\t\t<\/div>\n\t\t\t\t\t\t<\/div>\n\t\t\t\t\t<\/div>\n\t\t<\/div>\n\t\t\t\t\t\t\t\t<\/div>\n\t\t\t\t\t<\/div>\n\t\t<\/section>\n\t\t\t\t\t\t<\/div>\n\t\t\t\t\t\t<\/div>\n\t\t\t\t\t<\/div>\n\t\t","protected":false},"excerpt":{"rendered":"<p>Izvori Popis kori\u0161tenih arhivskih fondova i zbirki Dr\u017eavni arhiv u Rijeci: HR-DARI-0007, Kraljevski gubernij za Rijeku i Ugarsko-hrvatsko primorje HR-DARI-0008, Rije\u010dka prefektura HR-DARI-0089, Narodni odbor gradske op\u0107ine Opatija HR-DARI-0132, Ma\u0111arska vi\u0161a gimnazija u Rijeci HR-DARI-0179, Trgova\u010dko-obrtni\u010dka komora i trgova\u010dka deputacija u Rijeci HR-DARI-0182, Rafinerija nafte Rijeka HR-DARI-0277, Kartografska zbirka HR-DARI-0278, Okru\u017enice, oglasi, plakati i letci &hellip;<\/p>\n<p class=\"read-more\"> <a class=\"\" href=\"https:\/\/7godina5drzava.riarhiv.hr\/izlozba\/izvori\/\"> <span class=\"screen-reader-text\">Izvori<\/span> Read More &raquo;<\/a><\/p>\n","protected":false},"author":1,"featured_media":0,"parent":0,"menu_order":0,"comment_status":"closed","ping_status":"closed","template":"","meta":{"_monsterinsights_skip_tracking":false,"_monsterinsights_sitenote_active":false,"_monsterinsights_sitenote_note":"","_monsterinsights_sitenote_category":0,"site-sidebar-layout":"no-sidebar","site-content-layout":"page-builder","ast-main-header-display":"","ast-hfb-above-header-display":"","ast-hfb-below-header-display":"","ast-hfb-mobile-header-display":"","site-post-title":"disabled","ast-breadcrumbs-content":"","ast-featured-img":"disabled","footer-sml-layout":"","theme-transparent-header-meta":"","adv-header-id-meta":"","stick-header-meta":"","header-above-stick-meta":"","header-main-stick-meta":"","header-below-stick-meta":"","footnotes":""},"class_list":["post-446","page","type-page","status-publish","hentry"],"_links":{"self":[{"href":"https:\/\/7godina5drzava.riarhiv.hr\/izlozba\/wp-json\/wp\/v2\/pages\/446","targetHints":{"allow":["GET"]}}],"collection":[{"href":"https:\/\/7godina5drzava.riarhiv.hr\/izlozba\/wp-json\/wp\/v2\/pages"}],"about":[{"href":"https:\/\/7godina5drzava.riarhiv.hr\/izlozba\/wp-json\/wp\/v2\/types\/page"}],"author":[{"embeddable":true,"href":"https:\/\/7godina5drzava.riarhiv.hr\/izlozba\/wp-json\/wp\/v2\/users\/1"}],"replies":[{"embeddable":true,"href":"https:\/\/7godina5drzava.riarhiv.hr\/izlozba\/wp-json\/wp\/v2\/comments?post=446"}],"version-history":[{"count":14,"href":"https:\/\/7godina5drzava.riarhiv.hr\/izlozba\/wp-json\/wp\/v2\/pages\/446\/revisions"}],"predecessor-version":[{"id":723,"href":"https:\/\/7godina5drzava.riarhiv.hr\/izlozba\/wp-json\/wp\/v2\/pages\/446\/revisions\/723"}],"wp:attachment":[{"href":"https:\/\/7godina5drzava.riarhiv.hr\/izlozba\/wp-json\/wp\/v2\/media?parent=446"}],"curies":[{"name":"wp","href":"https:\/\/api.w.org\/{rel}","templated":true}]}}